{"id":983,"date":"2022-10-28T08:07:20","date_gmt":"2022-10-28T06:07:20","guid":{"rendered":"http:\/\/www.quasikunst.at\/?page_id=983"},"modified":"2022-10-29T18:35:09","modified_gmt":"2022-10-29T16:35:09","slug":"nik-the-sleeper","status":"publish","type":"page","link":"https:\/\/www.quasikunst.at\/index.php\/nik-the-sleeper\/","title":{"rendered":"Nik, the Sleeper"},"content":{"rendered":"\n<p style=\"text-align: center;\">\u00a0<\/p>\n<p style=\"text-align: center;\"><strong>Nik, the Sleeper<\/strong><\/p>\n<p style=\"text-align: center;\"><strong>SF Exploitation <\/strong><\/p>\n<p><strong>Ein fragmentarischer Wahrnehmungsraum und -k\u00f6rper, der gepulste Textinhalte, diffuse Bilder, Zust\u00e4nde der Selbstvergessenheit, verfremdende Nachgl\u00fcheffekte und reduzierte Bewegung kombiniert. Ein verbundenes Unbewusstes und beobachtendes Nachgl\u00fchen von Mind-Mining und Self-Fracking.<\/strong><\/p>\n<hr \/>\n<p>Der schlafende K\u00f6rper als Denkorgan, ein verbundenes Bewusstsein als Netzwerk, ein Schlaf-Land unter dem Wachzustand, der Schlaf der Vielen als Entity: <em>Nik, the Sleeper<\/em> ist eine in Textresten erz\u00e4hlte r\u00e4umliche Sci-Fi-Exploitation-Story. <em>Nik<\/em> besch\u00e4ftigt sich mit K\u00f6rper, Bewusstsein und Technologie. Sie betreibt historischen Tr\u00fcmmer-Research zum Beispiel zur Elektrizit\u00e4t, und weist als potentiell gr\u00f6\u00dferes, verbindendes Unconscious-Netzwerk in eine Techno-Zukunft. Zwischen algorithmischem Untergrund-Bewusstsein und Selbst-Fracking schluckt die Installation aber beinahe alle ihre Inhalte. Es entsteht ein fragmentarischer Wahrnehmungsraum, der gepulsten Textcontent, diffuse Bilder, Kreativit\u00e4ts- und Selbstvergessenheits-Zust\u00e4nde, Elemente aus der regul\u00e4ren Schlaf-Messung, verfremdende Nachleucht-Effekte sowie Elemente reduzierter Bewegungs\u00f6konomie verbindet.<\/p>\n<p>\u00a0<\/p>\n<hr \/>\n<p style=\"text-align: center;\"><strong>Als gepulster Text<\/strong><\/p>\n<p style=\"text-align: center;\"><strong>Nik tr\u00e4umt von den toten K\u00fcnstlern:<\/strong><\/p>\n<p style=\"text-align: center;\"><a href=\"https:\/\/stwst.at\/nik\/#minus8\">Nik, the Sleeper, Minus 8<\/a><\/p>\n<hr \/>\n<p style=\"text-align: center;\">\u00a0<\/p>\n<p>\u00a0<\/p>\n<p style=\"text-align: center;\"><strong>Als Texttafel<\/strong><\/p>\n<p align=\"justify\">Danke f\u00fcr die Ver\u00f6ffentlichung dieses Manifests. Ich habe gelesen, dass die K\u00fcnstler nun tot sind. Ein weiterer Verlust. Schade um die K\u00fcnstler. Man muss sich von ihnen verabschieden. Oft hatte aber das, was \u00fcber sie gesagt wurde, ohnehin nichts damit zu tun, was sie taten oder dachten. Sie wurden interpretiert und platziert, um zu gro\u00dfe Widerspr\u00fcche zu vermeiden. <b>Heute stellen wir gleich Objekte her, die weniger Dissonanzen erzeugen. <\/b><\/p>\n<p align=\"center\"><span style=\"font-size: large;\">Im Nowhere sitzen<\/span><\/p>\n<p align=\"center\"><span style=\"font-size: large;\">Skepsis gegen die Entropie an sich<\/span><\/p>\n<p align=\"center\"><span style=\"font-size: large;\">Indirektes Arbeiten<\/span><\/p>\n<p align=\"center\"><span style=\"font-size: large;\">im Innenraum<\/span><\/p>\n<p align=\"center\"><span style=\"font-size: large;\">Kernschmelze-Objekte herstellen<\/span><\/p>\n<p align=\"center\"><span style=\"font-size: large;\">aus Egomantel Stahlbeton<\/span><\/p>\n<p align=\"center\"><span style=\"font-size: large;\">Leserichtung umdrehen<\/span><\/p>\n<p align=\"center\"><span style=\"font-size: large;\">und Meinung wie Roh\u00f6l f\u00f6rdern<\/span><\/p>\n<p align=\"center\"><span style=\"font-size: large;\">It\u2019s still the content, stupid<\/span><\/p>\n<p align=\"center\"><span style=\"font-size: large;\">und manchmal doch noch rausgehen<\/span><\/p>\n<p align=\"center\"><span style=\"font-size: large;\">Statt Kunst sich nun<\/span><\/p>\n<p align=\"center\"><span style=\"font-size: large;\">mit Gestein besch\u00e4ftigen<\/span><\/p>\n<p align=\"center\"><span style=\"font-size: large;\">und Anti-Gravitation<\/span><\/p>\n<p align=\"center\"><span style=\"font-size: large;\">mit Pflanzen und Strahlung<\/span><\/p>\n<p align=\"center\"><span style=\"font-size: large;\">Widerspruch erh\u00f6hen<\/span><\/p>\n<p align=\"center\"><span style=\"font-size: large;\">und aus Gestr\u00fcpp und Gedanken<\/span><\/p>\n<p align=\"center\"><span style=\"font-size: large;\">eine TOE machen<\/span><\/p>\n<p align=\"center\"><span style=\"font-size: large;\">Seize the means of contradiction of<\/span><\/p>\n<p align=\"center\"><span style=\"font-size: large;\">Die Welt ist alles, was Zerfall ist<\/span><\/p>\n<p align=\"center\"><span style=\"font-size: large;\">Die Welt ist alles, was einem einf\u00e4llt<\/span><\/p>\n<p align=\"center\"><span style=\"font-size: large;\">Mit der Exceptionally Simple Theory of Everything<\/span><\/p>\n<p align=\"center\"><span style=\"font-size: large;\">und der Connection mit allem<\/span><\/p>\n<p align=\"center\"><span style=\"font-size: large;\">und der Physik der Beziehungen<\/span><\/p>\n<p align=\"center\"><span style=\"font-size: large;\">mit Beautiful, Strong und Electroweak<\/span><\/p>\n<p align=\"center\"><span style=\"font-size: large;\">unter dem Golden Peak siedeln<\/span><\/p>\n<p align=\"center\"><span style=\"font-size: large;\">und das System E8 personifizieren<\/span><\/p>\n<p style=\"text-align: center;\"><em>(Plus Nik Dreaming in English)<\/em><\/p>\n<p>\u00a0<\/p>\n<hr \/>\n<p style=\"text-align: left;\"><strong>STAGING &#8211; Video NICHT ONLINE<\/strong><\/p>\n<p>Einige Bilder und Staging von <em>Nik, the Sleeper:<\/em> <a href=\"https:\/\/stwst48x8.stwst.at\/ich_haeng_mir_die_welt_um\">hier<\/a> und <a href=\"https:\/\/newcontext.stwst.at\/projects\/quasikunst\/start\">hier<\/a> (Scroll down).<\/p>\n<hr \/>\n<p>Ein assoziierter Text zu Projekt\/Artist ist in der Versorgerin 135 erschienen: <br \/><a class=\"urlextern\" title=\"https:\/\/versorgerin.stwst.at\/artikel\/08-2022\/postglow-cinema-das-grune-leuchten\" href=\"https:\/\/versorgerin.stwst.at\/artikel\/08-2022\/postglow-cinema-das-grune-leuchten\" target=\"_blank\" rel=\"ugc nofollow noopener noreferrer\">Postglow Cinema &#8211; Das gr\u00fcne Leuchten<\/a> von Georg Wilbertz.<\/p>\n<hr \/>\n<p>Tanja Brandmayr, 2022<\/p>\n<hr \/>\n<p>Projekt gezeigt bei <a href=\"https:\/\/stwst48x8.stwst.at\/nik_the_sleeper\">STWST48x8 DEEP. 48 Hours Disconnected Connecting.<\/a><\/p>\n<p><strong><em>Tanja Brandmayr<\/em><\/strong> (AT) ist K\u00fcnstlerin und Autorin und arbeitet seit vielen Jahren und in unterschiedlichen Kontexten zwischen Text, Medien, Inszenierung und Kunst. Kunst- und Kontextforschung Quasikunst in Kooperation mit STWST. Au\u00dferdem Redakteurin und Autorin f\u00fcr Kunst- und Kulturmagazine. Lebt in Linz\/\u00d6sterreich. <a class=\"urlextern\" title=\"https:\/\/quasikunst.stwst.at\" href=\"https:\/\/quasikunst.stwst.at\" target=\"_blank\" rel=\"ugc nofollow noopener noreferrer\">https:\/\/quasikunst.stwst.at<\/a><\/p>\n<hr \/>\n<p>Foto oben: Astrid Benzer, 2022<\/p>\n","protected":false},"excerpt":{"rendered":"<p>\u00a0 Nik, the Sleeper SF Exploitation Ein fragmentarischer Wahrnehmungsraum und -k\u00f6rper, der gepulste Textinhalte, diffuse Bilder, Zust\u00e4nde der Selbstvergessenheit, verfremdende Nachgl\u00fcheffekte und reduzierte Bewegung kombiniert. Ein verbundenes Unbewusstes und beobachtendes Nachgl\u00fchen von Mind-Mining und Self-Fracking. Der schlafende K\u00f6rper als Denkorgan, ein verbundenes Bewusstsein als Netzwerk, ein Schlaf-Land unter dem Wachzustand, der Schlaf der Vielen als Entity: Nik, the Sleeper ist eine in Textresten erz\u00e4hlte r\u00e4umliche Sci-Fi-Exploitation-Story. Nik besch\u00e4ftigt sich mit<\/p>\n<p><a class=\"more-link\" href=\"https:\/\/www.quasikunst.at\/index.php\/nik-the-sleeper\/\">Read More<\/a><\/p>\n","protected":false},"author":2,"featured_media":984,"parent":0,"menu_order":0,"comment_status":"closed","ping_status":"closed","template":"","meta":{"footnotes":""},"class_list":["post-983","page","type-page","status-publish","has-post-thumbnail","hentry"],"_links":{"self":[{"href":"https:\/\/www.quasikunst.at\/index.php\/wp-json\/wp\/v2\/pages\/983","targetHints":{"allow":["GET"]}}],"collection":[{"href":"https:\/\/www.quasikunst.at\/index.php\/wp-json\/wp\/v2\/pages"}],"about":[{"href":"https:\/\/www.quasikunst.at\/index.php\/wp-json\/wp\/v2\/types\/page"}],"author":[{"embeddable":true,"href":"https:\/\/www.quasikunst.at\/index.php\/wp-json\/wp\/v2\/users\/2"}],"replies":[{"embeddable":true,"href":"https:\/\/www.quasikunst.at\/index.php\/wp-json\/wp\/v2\/comments?post=983"}],"version-history":[{"count":8,"href":"https:\/\/www.quasikunst.at\/index.php\/wp-json\/wp\/v2\/pages\/983\/revisions"}],"predecessor-version":[{"id":1061,"href":"https:\/\/www.quasikunst.at\/index.php\/wp-json\/wp\/v2\/pages\/983\/revisions\/1061"}],"wp:featuredmedia":[{"embeddable":true,"href":"https:\/\/www.quasikunst.at\/index.php\/wp-json\/wp\/v2\/media\/984"}],"wp:attachment":[{"href":"https:\/\/www.quasikunst.at\/index.php\/wp-json\/wp\/v2\/media?parent=983"}],"curies":[{"name":"wp","href":"https:\/\/api.w.org\/{rel}","templated":true}]}}