{"id":971,"date":"2022-10-28T07:25:46","date_gmt":"2022-10-28T05:25:46","guid":{"rendered":"http:\/\/www.quasikunst.at\/?page_id=971"},"modified":"2022-10-29T10:25:19","modified_gmt":"2022-10-29T08:25:19","slug":"ich-haeng-mir-die-welt-um","status":"publish","type":"page","link":"https:\/\/www.quasikunst.at\/index.php\/ich-haeng-mir-die-welt-um\/","title":{"rendered":"Ich h\u00e4ng mir die Welt um"},"content":{"rendered":"\n<p align=\"justify\">\u00a0<\/p>\n<p style=\"text-align: center;\" align=\"justify\"><strong>Ich h\u00e4ng mir die Welt um<\/strong><br \/><strong>4 Texttafeln &amp; SF-Exploitation im Netz.<\/strong><\/p>\n<p style=\"text-align: center;\" align=\"justify\">Vier Texte die in einer kurzen SF-Erz\u00e4hlung vom Abflug von der Erde und vom gescheiterten Terra-Forming auf dem neuen Planeten erz\u00e4hlen: In einem nicht n\u00e4her definierten Abflug und Abstieg entfernen wir uns mit Sinn-Resten und Text-Referenzen von einer World as we know it. Wir atmen Widerspr\u00fcche ein. Der Gesamtzusammenhang als Denkorgan, Syntax \u00fcber Sprache hinaus, Wahrnehmung als transformierter und gepulster Rhythmus, Verstehen als Disconnected Connection: In einer technologisierten und rationalisierten Welt ziehen Katastrophen herauf, w\u00e4hrend sich Menschen in Pseudok\u00e4mpfe verstricken und im t\u00e4glichen Leben oder auch auf fremden Planeten mit ALLEM konfrontiert sind und es immer schwieriger wird, \u00fcberhaupt noch Sinn zu erkennen. Was tun?<\/p>\n<p align=\"justify\">\u00a0<\/p>\n<p style=\"text-align: center;\" align=\"justify\"><strong>Vorspiel<\/strong><\/p>\n<p style=\"text-align: center;\" align=\"justify\"><strong>Ein Bildfragment, das in einem Rest-Orbit der Selbsterkenntnis um sich kreist:<\/strong><\/p>\n<p style=\"text-align: center;\" align=\"justify\"><strong>Serious Deep Shit<\/strong><\/p>\n<p style=\"text-align: center;\" align=\"justify\"><a class=\"urlextern\" title=\"https:\/\/stwst.at\/nik\/#9\" href=\"https:\/\/stwst.at\/nik\/#9\" target=\"_blank\" rel=\"ugc nofollow noopener noreferrer\">https:\/\/stwst.at\/nik\/#9<\/a><\/p>\n<p align=\"justify\">\u00a0<\/p>\n<p align=\"justify\">\u00a0<\/p>\n<p style=\"text-align: center;\" align=\"justify\"><strong>Ich h\u00e4ng mir die Welt um<\/strong><\/p>\n<p style=\"text-align: center;\" align=\"justify\">1<\/p>\n<p align=\"justify\">\u00a0<\/p>\n<p align=\"justify\"><span style=\"font-size: small;\">Eine Ware scheint auf den ersten Blick ein selbstverst\u00e4ndliches, triviales Ding. Ihre Analyse ergibt, da\u00df sie ein sehr vertracktes Ding ist, voll metaphysischer Spitzfindigkeit und theologischer Mucken. Soweit sie Gebrauchswert, ist nichts Mysteri\u00f6ses an ihr [\u2026]. Es ist sinnenklar, da\u00df der Mensch durch seine T\u00e4tigkeit die Formen der Naturstoffe in einer ihm n\u00fctzliche Weise ver\u00e4ndert. Die Form des Holzes z.B. wird ver\u00e4ndert, wenn man aus ihm einen Tisch macht. Nichtsdestoweniger bleibt der Tisch Holz, ein ordin\u00e4res sinnliches Ding. Aber sobald er als Ware auftritt, verwandelt er sich in ein sinnlich \u00fcbersinnliches Ding. Er steht nicht nur mit seinen F\u00fc\u00dfen auf dem Boden, sondern er stellt sich allen andren Waren gegen\u00fcber auf den Kopf und entwickelt aus seinem Holzkopf Grillen, viel wunderlicher, als wenn er aus freien St\u00fccken zu tanzen beg\u00e4nne.<\/span><\/p>\n<p align=\"center\"><span style=\"font-size: medium;\">Grillen-Tanzen<\/span><\/p>\n<p align=\"center\">Holztisch-Movement<\/p>\n<p align=\"center\"><span style=\"font-size: medium;\">Einzelmenschliche Erfahrung<\/span><\/p>\n<p align=\"center\"><span style=\"font-size: medium;\">bei &#8211; minus 273 Grad \u00b0<\/span><\/p>\n<p align=\"center\"><span style=\"font-size: medium;\">An den R\u00e4ndern<\/span><\/p>\n<p align=\"center\"><span style=\"font-size: medium;\">der pers\u00f6nlichen Welt<\/span><\/p>\n<p align=\"center\"><span style=\"font-size: medium;\">Richtige Falsch-Tanzbewegung<\/span><\/p>\n<p align=\"center\"><span style=\"font-size: medium;\">im unreinen Form-Desaster<\/span><\/p>\n<p align=\"center\"><span style=\"font-size: medium;\">Im alten fein ausbalancierten System<\/span><\/p>\n<p align=\"center\"><span style=\"font-size: medium;\">der Kultivierung und Dekultivierung<\/span><\/p>\n<p align=\"center\"><span style=\"font-size: medium;\">In der Critical Culture<\/span><\/p>\n<p align=\"center\"><span style=\"font-size: medium;\">der Rechts-Links-Politlegasthenie<\/span><\/p>\n<p align=\"center\"><span style=\"font-size: medium;\">in der Gleichsetzung<\/span><\/p>\n<p align=\"center\"><span style=\"font-size: medium;\">der Scuola Rekursiva<\/span><\/p>\n<p align=\"center\"><span style=\"font-size: medium;\">In der Abspaltung | Umkehrung<\/span><\/p>\n<p align=\"center\"><span style=\"font-size: medium;\">des Totalia Reversia<\/span><\/p>\n<p align=\"center\"><span style=\"font-size: medium;\"><b>Wie wir in die Welt geworfen werden, dort nach vorne<\/b><\/span><\/p>\n<p align=\"center\"><span style=\"font-size: medium;\"><b>Im Holz-Atemzug, in der Flug-Unverbundenheit<\/b><\/span><\/p>\n<p align=\"center\"><span style=\"font-size: medium;\">R\u00fcckw\u00e4rts nach vorne explodieren<\/span><\/p>\n<p align=\"center\"><span style=\"font-size: medium;\">Wie der *F* Benjamin-Engel<\/span><\/p>\n<p align=\"center\"><span style=\"font-size: medium;\"><b>Und verkehrt zum Gas-Tisch werden<\/b><\/span><\/p>\n<p align=\"center\"><span style=\"font-size: medium;\"><b>Der ohne jede Gravity<\/b><\/span><\/p>\n<p align=\"center\"><span style=\"font-size: medium;\"><b>zu tanzen beginnt<\/b><\/span><\/p>\n<p align=\"center\"><span style=\"font-size: medium;\"><b>sich trudelnd drehend<\/b><\/span><\/p>\n<p align=\"center\"><span style=\"font-size: medium;\"><b>im Gas<\/b><\/span><\/p>\n<p align=\"center\"><span style=\"font-size: medium;\"><b>und Unterholz-Universum<\/b><\/span><\/p>\n<p align=\"center\"><span style=\"font-size: medium;\"><b>Like Reverse Trees<\/b><\/span><\/p>\n<p align=\"center\"><span style=\"font-size: medium;\"><b>Die nur mehr wegwollen<\/b><\/span><\/p>\n<p align=\"center\">\u00a0<\/p>\n<hr \/>\n<p align=\"center\"><em>Ich h\u00e4ng mir die Welt um<\/em> ist Teil der Sience-Fiction-Exploitation <em>Nik<\/em>: <br \/>Ein Work-in-Progress-Projekt, das als gepulster Text im Netz entsteht: <a class=\"urlextern\" title=\"https:\/\/stwst.at\/nik\/#minus2\" href=\"https:\/\/stwst.at\/nik\/#minus2\" target=\"_blank\" rel=\"ugc nofollow noopener noreferrer\">https:\/\/stwst.at\/nik\/#minus2<\/a><\/p>\n<hr \/>\n<p align=\"center\">\u00a0<\/p>\n<p align=\"center\">\u00a0<\/p>\n<p align=\"center\"><strong>Ich h\u00e4ng mir die Welt um<\/strong><\/p>\n<p align=\"center\">2<\/p>\n<p align=\"justify\">\u00a0<\/p>\n<p align=\"justify\"><span style=\"font-size: medium;\">Der mystische Charakter der Ware entspringt also nicht aus ihrem Gebrauchswert. Er entspringt ebensowenig aus dem Inhalt der Wertbestimmungen. [\u2026] Es ist eine physiologische Wahrheit, da\u00df [die n\u00fctzlichen Arbeiten oder produktiven T\u00e4tigkeiten] Funktionen des menschlichen Organismus sind und da\u00df jede solche Funktion, welches immer ihr Inhalt und ihre Form, wesentlich Verausgabung von menschlichem Hirn, Nerv, Muskel, Sinnesorgan usw ist. [\u2026] In allen Zust\u00e4nden mu\u00dfte die Arbeitszeit, welche die Produktion der Lebensmittel kostet, den Menschen interessieren [\u2026]. Endlich, sobald die Menschen in irgendeiner Weise f\u00fcreinander arbeiten, erh\u00e4lt ihre Arbeit auch eine gesellschaftliche Form. [\u2026] Woher entspringt also der r\u00e4tselhafte Charakter des Arbeitsprodukts, sobald es Warenform annimmt? <\/span><\/p>\n<p align=\"justify\">\u00a0<\/p>\n<p align=\"center\"><span style=\"font-size: large;\">Mit Mathematik-Empathie<\/span><\/p>\n<p align=\"center\"><span style=\"font-size: large;\">in die Zukunft fliegen<\/span><\/p>\n<p align=\"center\"><span style=\"font-size: large;\">Mitm \u00dcbermorgen-Body<\/span><\/p>\n<p align=\"center\"><span style=\"font-size: large;\">auf dem neuen Planeten landen<\/span><\/p>\n<p align=\"center\"><span style=\"font-size: large;\">Mit Hirn, Nerv, Muskel etc<\/span><\/p>\n<p align=\"center\"><span style=\"font-size: large;\">an der Symm-Asymm-Anthropologie arbeiten<\/span><\/p>\n<p align=\"center\"><span style=\"font-size: large;\">Die Ungleichgewichte von 1 bis \u221e 1000<\/span><\/p>\n<p align=\"center\"><span style=\"font-size: large;\">runterdr\u00fccken<\/span><\/p>\n<p align=\"center\"><span style=\"font-size: large;\">Mit Hochpotenz-Electricity<\/span><\/p>\n<p align=\"center\"><span style=\"font-size: large;\">in die unber\u00fchrten Oberfl\u00e4chen graben<\/span><\/p>\n<p align=\"center\"><span style=\"font-size: large;\">Mit Selbstwirksamkeits-Magnetismus<\/span><\/p>\n<p align=\"center\"><span style=\"font-size: large;\">mehrere 10.000 Single-Flat-Cores bilden<\/span><\/p>\n<p align=\"center\"><span style=\"font-size: large;\">In aufgel\u00f6sten L\u00f6chern<\/span><\/p>\n<p align=\"center\"><span style=\"font-size: large;\">starke\/schwache Kraft fressen<\/span><\/p>\n<p align=\"center\"><span style=\"font-size: large;\">Im tiefen Mehlbuch<\/span><\/p>\n<p align=\"center\"><span style=\"font-size: large;\">f\u00fcr das Grundeinkommen hungern<\/span><\/p>\n<p align=\"center\"><span style=\"font-size: large;\"><b>Den E\u00b0mofaktor versch\u00fctten<\/b><\/span><\/p>\n<p align=\"center\"><span style=\"font-size: large;\"><b>w\u00e4hrend des Selbst-Frackings<\/b><\/span><\/p>\n<p align=\"center\"><span style=\"font-size: large;\">Von Wei\u00df-Waren tr\u00e4umen<\/span><\/p>\n<p align=\"center\"><span style=\"font-size: large;\">auf ein Besser-Werden warten<\/span><\/p>\n<p align=\"center\"><span style=\"font-size: large;\">Keine Erinnerung<\/span><\/p>\n<p align=\"center\"><span style=\"font-size: large;\">an das Arbeitsprodukt<\/span><\/p>\n<p align=\"center\">\u00a0<\/p>\n<hr \/>\n<p align=\"center\"><em>Ich h\u00e4ng mir die Welt um<\/em> ist Teil der Sience-Fiction-Exploitation <em>Nik<\/em>: <br \/>Ein Work-in-Progress-Projekt, das als gepulster Text im Netz entsteht: <br \/><a class=\"urlextern\" title=\"https:\/\/stwst.at\/nik\/#minus4\" href=\"https:\/\/stwst.at\/nik\/#minus4\" target=\"_blank\" rel=\"ugc nofollow noopener noreferrer\">https:\/\/stwst.at\/nik\/#minus4<\/a><\/p>\n<hr \/>\n<p align=\"center\">\u00a0<\/p>\n<p align=\"center\">\u00a0<\/p>\n<p align=\"center\"><strong>Ich h\u00e4ng mir die Welt um<\/strong><\/p>\n<p align=\"center\">3<\/p>\n<p align=\"center\">\u00a0<\/p>\n<p align=\"justify\">Wie w\u00fcrden wir die wunderbare F\u00e4higkeit eines lebenden Organismus, den Zerfall in das thermodynamische Gleichgewicht (Tod) zu verz\u00f6gern, in der Ausdrucksweise der statistischen Theorie darstellen? Wir sagten: <i>Er n\u00e4hrt sich von negativer Entropie<\/i>, indem er sozusagen einen Strom negativer Entropie zu sich hin zieht, um die Entropieerh\u00f6hung, welche er durch sein Leben verursacht, auszugleichen und sich damit auf einer gleichm\u00e4\u00dfigen und ziemlich tiefen Entropiestufe zu halten.<\/p>\n<p>\u00a0<\/p>\n<p align=\"center\"><span style=\"font-size: large;\">Dunkel Nacht Remote<\/span><\/p>\n<p align=\"center\"><span style=\"font-size: large;\">Fern Kritisch Essenziell<\/span><\/p>\n<p align=\"center\"><span style=\"font-size: large;\">Trunken Attitude Auf<\/span><\/p>\n<p align=\"center\"><span style=\"font-size: large;\">Indifference Immateriell Ab<\/span><\/p>\n<p align=\"center\"><span style=\"font-size: large;\">Zugriff Abzirkeln Unten<\/span><\/p>\n<p align=\"center\"><span style=\"font-size: large;\">Doppelt Mental Metall<\/span><\/p>\n<p align=\"center\"><span style=\"font-size: large;\">Stollen Notlicht Negativ-Raum<\/span><\/p>\n<p align=\"center\"><span style=\"font-size: large;\">High-End Abgang Interferenz<\/span><\/p>\n<p align=\"center\"><span style=\"font-size: large;\">Verstehen Erinnern Schlaf<\/span><\/p>\n<p align=\"center\"><span style=\"font-size: large;\">Ohne Worte Terra-Forming<\/span><\/p>\n<p align=\"center\"><span style=\"font-size: large;\">Natur Kultur Herausschlagen<\/span><\/p>\n<p align=\"center\"><span style=\"font-size: large;\">Erz Verfl\u00fcssigung Stahl<\/span><\/p>\n<p align=\"center\"><span style=\"font-size: large;\">Sand Quarz W\u00fcste<\/span><\/p>\n<p align=\"center\"><span style=\"font-size: large;\">Flugzeug Verwehen Abrutschen<\/span><\/p>\n<p align=\"center\"><span style=\"font-size: large;\">Eingraben Kern Core<\/span><\/p>\n<p align=\"center\"><span style=\"font-size: large;\">Nicht mehr auf die Oberfl\u00e4che kommen<\/span><\/p>\n<p align=\"center\"><span style=\"font-size: large;\">Keine Chance auf zur\u00fcckkommen<\/span><\/p>\n<p align=\"center\"><span style=\"font-size: large;\">Nur mehr Hochfrequenz hochbeschleunigt<\/span><\/p>\n<p align=\"center\"><span style=\"font-size: large;\"><b>Alles Walzer im Large Hadron Collider<\/b><\/span><\/p>\n<p align=\"center\"><span style=\"font-size: large;\"><b>Am Ende Fun-Stahlbad Kawumm<\/b><\/span><\/p>\n<p align=\"center\">\u00a0<\/p>\n<hr \/>\n<p align=\"center\"><em>Ich h\u00e4ng mir die Welt um<\/em> ist Teil der Sience-Fiction-Exploitation <em>Nik<\/em>: <br \/>Ein Work-in-Progress-Projekt, das als gepulster Text im Netz entsteht. <br \/><a class=\"urlextern\" title=\"https:\/\/stwst.at\/nik\/#minus6\" href=\"https:\/\/stwst.at\/nik\/#minus6\" target=\"_blank\" rel=\"ugc nofollow noopener noreferrer\">https:\/\/stwst.at\/nik\/#minus6<\/a><\/p>\n<hr \/>\n<p align=\"center\">\u00a0<\/p>\n<p align=\"center\">\u00a0<\/p>\n<p align=\"center\"><strong>Ich h\u00e4ng mir die Welt um<\/strong><\/p>\n<p align=\"center\">4<\/p>\n<p align=\"center\">\u00a0<\/p>\n<p align=\"justify\">Danke f\u00fcr die Ver\u00f6ffentlichung dieses Manifests. Ich habe gelesen, dass die K\u00fcnstler nun tot sind. Ein weiterer Verlust. Schade um die K\u00fcnstler. Man muss sich von ihnen verabschieden. Oft hatte aber das, was \u00fcber sie gesagt wurde, ohnehin nichts damit zu tun, was sie taten oder dachten. Sie wurden interpretiert und platziert, um zu gro\u00dfe Widerspr\u00fcche zu vermeiden. <b>Heute stellen wir gleich Objekte her, die weniger Dissonanzen erzeugen. <\/b><\/p>\n<p><a name=\"_GoBack\"><\/a><\/p>\n<p align=\"center\"><span style=\"font-size: large;\">Im Nowhere sitzen<\/span><\/p>\n<p align=\"center\"><span style=\"font-size: large;\">Skepsis gegen die Entropie an sich<\/span><\/p>\n<p align=\"center\"><span style=\"font-size: large;\">Indirektes Arbeiten<\/span><\/p>\n<p align=\"center\"><span style=\"font-size: large;\">im Innenraum<\/span><\/p>\n<p align=\"center\"><span style=\"font-size: large;\">Kernschmelze-Objekte herstellen<\/span><\/p>\n<p align=\"center\"><span style=\"font-size: large;\">aus Egomantel Stahlbeton<\/span><\/p>\n<p align=\"center\"><span style=\"font-size: large;\">Leserichtung umdrehen<\/span><\/p>\n<p align=\"center\"><span style=\"font-size: large;\">und Meinung wie Roh\u00f6l f\u00f6rdern<\/span><\/p>\n<p align=\"center\"><span style=\"font-size: large;\">It\u2019s still the content, stupid<\/span><\/p>\n<p align=\"center\"><span style=\"font-size: large;\">und manchmal doch noch rausgehen<\/span><\/p>\n<p align=\"center\"><span style=\"font-size: large;\">Statt Kunst sich nun<\/span><\/p>\n<p align=\"center\"><span style=\"font-size: large;\">mit Gestein besch\u00e4ftigen<\/span><\/p>\n<p align=\"center\"><span style=\"font-size: large;\">und Anti-Gravitation<\/span><\/p>\n<p align=\"center\"><span style=\"font-size: large;\">mit Pflanzen und Strahlung<\/span><\/p>\n<p align=\"center\"><span style=\"font-size: large;\">Widerspruch erh\u00f6hen<\/span><\/p>\n<p align=\"center\"><span style=\"font-size: large;\">und aus Gestr\u00fcpp und Gedanken<\/span><\/p>\n<p align=\"center\"><span style=\"font-size: large;\">eine TOE machen<\/span><\/p>\n<p align=\"center\"><span style=\"font-size: large;\">Seize the means of contradiction of<\/span><\/p>\n<p align=\"center\"><span style=\"font-size: large;\">Die Welt ist alles, was Zerfall ist<\/span><\/p>\n<p align=\"center\"><span style=\"font-size: large;\">Die Welt ist alles, was einem einf\u00e4llt<\/span><\/p>\n<p align=\"center\"><span style=\"font-size: large;\">Mit der Exceptionally Simple Theory of Everything<\/span><\/p>\n<p align=\"center\"><span style=\"font-size: large;\">und der Connection mit allem<\/span><\/p>\n<p align=\"center\"><span style=\"font-size: large;\">und der Physik der Beziehungen<\/span><\/p>\n<p align=\"center\"><span style=\"font-size: large;\">mit Beautiful, Strong und Electroweak<\/span><\/p>\n<p align=\"center\"><span style=\"font-size: large;\">unter dem Golden Peak siedeln<\/span><\/p>\n<p align=\"center\"><span style=\"font-size: large;\">und das System E8 personifizieren<\/span><\/p>\n<p align=\"center\">\u00a0<\/p>\n<hr \/>\n<p align=\"center\"><em>Ich h\u00e4ng mir die Welt um<\/em> ist Teil der Sience-Fiction-Exploitation <em>Nik<\/em>: <br \/>Ein Work-in-Progress-Projekt, das als gepulster Text im Netz entsteht. <br \/><a class=\"urlextern\" title=\"https:\/\/stwst.at\/nik\/#minus8\" href=\"https:\/\/stwst.at\/nik\/#minus8\" target=\"_blank\" rel=\"ugc nofollow noopener noreferrer\">https:\/\/stwst.at\/nik\/#minus8<\/a><\/p>\n<hr \/>\n<p align=\"center\">\u00a0<\/p>\n<p align=\"center\">\u00a0<\/p>\n<p align=\"center\">\u00a0<\/p>\n<hr \/>\n<p align=\"center\">Verwendete Zitate, Textbl\u00f6cke oben:<\/p>\n<p class=\"western\" lang=\"de-AT\">Texttafel 1 und 2, Textbl\u00f6cke oben, zitiert nach Karl Marx: Das Kapital. Kritik der politischen \u00d6konomie. Erster Band. Buch I: Der Produktionsproze\u00df des Kapitals.<\/p>\n<p class=\"western\" lang=\"de-AT\">Texttafel 3, Textblock oben, Zitat von Erwin Schr\u00f6dinger: Was ist Leben? \u2013 Die lebende Zelle mit den Augen des Physikers betrachtet.<\/p>\n<p class=\"western\" lang=\"de-AT\">Texttafel 4, Textblock oben: Nik, the Sleeper. Traum<span style=\"color: #000000;\"><span style=\"font-size: medium;\"><span lang=\"de-AT\"> vom toten, unbekannten K\u00fcnstler. Dies findet sich ebenfalls hier auf diesen Seiten: <a href=\"https:\/\/www.quasikunst.at\/index.php\/nik-the-sleeper\/\">Nik, the Sleeper<\/a>. <br \/><\/span><\/span><\/span><\/p>\n<hr \/>\n<p lang=\"de-AT\">\u00a0<\/p>\n<p align=\"center\">\u00a0<\/p>\n<p style=\"text-align: left;\" align=\"center\"><strong>Tanja Brandmayr, 2022<\/strong><\/p>\n<p style=\"text-align: left;\" align=\"center\">\u00a0<\/p>\n<p style=\"text-align: left;\" align=\"center\"><em>Texte inszeniert im Rahmen von STWST48x8 DEEP:<\/em><\/p>\n<p style=\"text-align: left;\">https:\/\/stwst48x8.stwst.at\/ich_haeng_mir_die_welt_um<\/p>\n<p style=\"text-align: left;\">\u00a0<\/p>\n<p style=\"text-align: left;\"><em>Die Textbeitr\u00e4ge zu &#8222;Ich h\u00e4ng mir die Welt um&#8220; ver\u00f6ffentlicht in:<\/em><\/p>\n<p style=\"text-align: left;\">perspektive 112 | 113 &#8222;golden:spike&#8220;, Herbst 2022<\/p>\n<p style=\"text-align: left;\">\u00a0<\/p>\n<p style=\"text-align: left;\"><em>Teil von STWST Quasikunst:<\/em><\/p>\n<p style=\"text-align: left;\">https:\/\/newcontext.stwst.at\/projects\/quasikunst\/start<\/p>\n<p style=\"text-align: left;\">\u00a0<\/p>\n<p style=\"text-align: left;\">\u00a0<\/p>\n","protected":false},"excerpt":{"rendered":"<p>\u00a0 Ich h\u00e4ng mir die Welt um4 Texttafeln &amp; SF-Exploitation im Netz. Vier Texte die in einer kurzen SF-Erz\u00e4hlung vom Abflug von der Erde und vom gescheiterten Terra-Forming auf dem neuen Planeten erz\u00e4hlen: In einem nicht n\u00e4her definierten Abflug und Abstieg entfernen wir uns mit Sinn-Resten und Text-Referenzen von einer World as we know it. Wir atmen Widerspr\u00fcche ein. Der Gesamtzusammenhang als Denkorgan, Syntax \u00fcber Sprache hinaus, Wahrnehmung als transformierter<\/p>\n<p><a class=\"more-link\" href=\"https:\/\/www.quasikunst.at\/index.php\/ich-haeng-mir-die-welt-um\/\">Read More<\/a><\/p>\n","protected":false},"author":2,"featured_media":972,"parent":0,"menu_order":0,"comment_status":"closed","ping_status":"closed","template":"","meta":{"footnotes":""},"class_list":["post-971","page","type-page","status-publish","has-post-thumbnail","hentry"],"_links":{"self":[{"href":"https:\/\/www.quasikunst.at\/index.php\/wp-json\/wp\/v2\/pages\/971","targetHints":{"allow":["GET"]}}],"collection":[{"href":"https:\/\/www.quasikunst.at\/index.php\/wp-json\/wp\/v2\/pages"}],"about":[{"href":"https:\/\/www.quasikunst.at\/index.php\/wp-json\/wp\/v2\/types\/page"}],"author":[{"embeddable":true,"href":"https:\/\/www.quasikunst.at\/index.php\/wp-json\/wp\/v2\/users\/2"}],"replies":[{"embeddable":true,"href":"https:\/\/www.quasikunst.at\/index.php\/wp-json\/wp\/v2\/comments?post=971"}],"version-history":[{"count":10,"href":"https:\/\/www.quasikunst.at\/index.php\/wp-json\/wp\/v2\/pages\/971\/revisions"}],"predecessor-version":[{"id":1044,"href":"https:\/\/www.quasikunst.at\/index.php\/wp-json\/wp\/v2\/pages\/971\/revisions\/1044"}],"wp:featuredmedia":[{"embeddable":true,"href":"https:\/\/www.quasikunst.at\/index.php\/wp-json\/wp\/v2\/media\/972"}],"wp:attachment":[{"href":"https:\/\/www.quasikunst.at\/index.php\/wp-json\/wp\/v2\/media?parent=971"}],"curies":[{"name":"wp","href":"https:\/\/api.w.org\/{rel}","templated":true}]}}