{"id":946,"date":"2021-08-07T07:46:39","date_gmt":"2021-08-07T05:46:39","guid":{"rendered":"http:\/\/www.quasikunst.at\/?page_id=946"},"modified":"2021-08-07T07:46:40","modified_gmt":"2021-08-07T05:46:40","slug":"quasikunst-deep-art-contexts","status":"publish","type":"page","link":"https:\/\/www.quasikunst.at\/index.php\/quasikunst-deep-art-contexts\/","title":{"rendered":"Quasikunst &#8211; Deep Art Contexts"},"content":{"rendered":"\n<figure class=\"wp-block-image size-large\"><img loading=\"lazy\" decoding=\"async\" width=\"352\" height=\"500\" src=\"https:\/\/www.quasikunst.at\/wp-content\/uploads\/2021\/08\/Quasikunst.jpg\" alt=\"\" class=\"wp-image-947\" srcset=\"https:\/\/www.quasikunst.at\/wp-content\/uploads\/2021\/08\/Quasikunst.jpg 352w, https:\/\/www.quasikunst.at\/wp-content\/uploads\/2021\/08\/Quasikunst-211x300.jpg 211w\" sizes=\"auto, (max-width: 352px) 100vw, 352px\" \/><\/figure>\n\n\n\n<p>Anfang 2021 wurde diese Publikation fertiggestellt:<\/p>\n<p><strong>Quasikunst \/ DEEP ART CONTEXTS<\/strong><\/p>\n<p>Herausgeberin: Stadtwerkstatt, 2021. Autorin: Tanja Brandmayr<br \/>Erschienen im Mai 2021. 282 Seiten, viele Farbabbildungen. ISBN: 9783753482361<br \/>Erh\u00e4ltlich online, \u00fcber den Buchhandel und \u00fcber die Stadtwerkstatt. <\/p>\n<p><a href=\"https:\/\/newcontext.stwst.at\/history\/publikationen\">Stadtwerkstatt &#8211; alle Publikationen<\/a><\/p>\n<p><a href=\"https:\/\/www.bod.de\/buchshop\/quasikunst-tanja-brandmayr-9783753482361\">Online-Bestellung<\/a><\/p>\n<p>\u00a0<\/p>\n","protected":false},"excerpt":{"rendered":"<p>Anfang 2021 wurde diese Publikation fertiggestellt: Quasikunst \/ DEEP ART CONTEXTS Herausgeberin: Stadtwerkstatt, 2021. Autorin: Tanja BrandmayrErschienen im Mai 2021. 282 Seiten, viele Farbabbildungen. ISBN: 9783753482361Erh\u00e4ltlich online, \u00fcber den Buchhandel und \u00fcber die Stadtwerkstatt. Stadtwerkstatt &#8211; alle Publikationen Online-Bestellung \u00a0<\/p>\n","protected":false},"author":2,"featured_media":0,"parent":0,"menu_order":0,"comment_status":"closed","ping_status":"closed","template":"","meta":{"footnotes":""},"class_list":["post-946","page","type-page","status-publish","hentry"],"_links":{"self":[{"href":"https:\/\/www.quasikunst.at\/index.php\/wp-json\/wp\/v2\/pages\/946","targetHints":{"allow":["GET"]}}],"collection":[{"href":"https:\/\/www.quasikunst.at\/index.php\/wp-json\/wp\/v2\/pages"}],"about":[{"href":"https:\/\/www.quasikunst.at\/index.php\/wp-json\/wp\/v2\/types\/page"}],"author":[{"embeddable":true,"href":"https:\/\/www.quasikunst.at\/index.php\/wp-json\/wp\/v2\/users\/2"}],"replies":[{"embeddable":true,"href":"https:\/\/www.quasikunst.at\/index.php\/wp-json\/wp\/v2\/comments?post=946"}],"version-history":[{"count":1,"href":"https:\/\/www.quasikunst.at\/index.php\/wp-json\/wp\/v2\/pages\/946\/revisions"}],"predecessor-version":[{"id":949,"href":"https:\/\/www.quasikunst.at\/index.php\/wp-json\/wp\/v2\/pages\/946\/revisions\/949"}],"wp:attachment":[{"href":"https:\/\/www.quasikunst.at\/index.php\/wp-json\/wp\/v2\/media?parent=946"}],"curies":[{"name":"wp","href":"https:\/\/api.w.org\/{rel}","templated":true}]}}