{"id":934,"date":"2021-08-07T07:14:17","date_gmt":"2021-08-07T05:14:17","guid":{"rendered":"http:\/\/www.quasikunst.at\/?page_id=934"},"modified":"2021-08-07T08:16:56","modified_gmt":"2021-08-07T06:16:56","slug":"934-2","status":"publish","type":"page","link":"https:\/\/www.quasikunst.at\/index.php\/934-2\/","title":{"rendered":"Post Glow Cinema"},"content":{"rendered":"\n<p><b>Nachleuchten \/ Gegenwelt-Kino<\/b><\/p>\n<p>Nachleuchten \/ Gegenwelt-Kino ist Research und Reflexion, bei dem&nbsp; Content aus Licht, Rhythmisierung und Bildfragmenten auf eine Nachleuchtfl\u00e4che projiziert werden. Bewegungssequenzen und Text werden als prototypisches Kino mit Nachleucht-Eigenschaft untersucht.<\/p>\n<p>Projektionsfl\u00e4chen, Innen- und Au\u00dfenverh\u00e4ltnisse, Bewusstseinsfragen, Materialit\u00e4t und Medien werden thematisiert. Es handelt sich um Leinwand, Licht und Content im phosphoreszierenen Kinomodus. Phosphoreszenz beschreibt dabei einen quantenphysikalischen Effekt bei der Lichtanregung: Im Zusammenspiel der Komponenten entsteht hier ein Quanten-Cinema, bei dem die Lichtfl\u00e4chen im Hochenergiemodus durch die Abgabe der zuvor aufgenommenen Photonen wieder in einen Niedrigenergielevel wechseln. Mit und in diesem Nachleuchten werden kurze Szenen von K\u00f6rperpr\u00e4senzen in <span style=\"color: #00000a;\"><span style=\"font-size: small;\"><span lang=\"de-AT\">Diffusit\u00e4t<\/span><\/span><\/span>, Umkehrung oder als fr\u00fches Chronofotografie-Bildzitat gezeigt. Im digitalen Paradigmenwechsel geht es um Grundsatzfragen, welche Arten von Form\/Content \u00fcberhaupt in etwas \u00fcbergehen, was im Technologiekontext oft als \u201eimmersiv\u201c bezeichnet wird. Was bedeutet aber ein tats\u00e4chliches Eintauchen? Wir bringen mit dem Postglow Cinema die auratische Technologie zum Leuchten. <span style=\"color: #00000a;\"><span style=\"font-size: small;\"><span lang=\"de-AT\">Unsch\u00e4rfe<\/span><\/span><\/span> statt Hyperrealit\u00e4t.<\/p>\n<p>&nbsp;<\/p>\n<p>Post Glow Cinema, Tanja Brandmayr und Astrid Benzer, ca 7 min<\/p>\n<p>Das Post Glow Cinema wurde als Prototyp im Sommer 2021 im Rahmen von electropixel 11, auf Einladung von APO33 in der Plateforme Intermedia in Nantes\/F gezeigt.<\/p>\n<p>Im September 2021 wird das Post Glow Cinema in der Stadtwerkstatt im Rahmen von STWST48x7 OUT OF MATTER gezeigt<\/p>\n<p><a href=\"https:\/\/stwst48x7.stwst.at\/postglow_cinema\">https:\/\/stwst48x7.stwst.at\/postglow_cinema<\/a><\/p>\n<p>&nbsp;<\/p>\n<p>&nbsp;<\/p>\n\n\n\n<figure class=\"wp-block-gallery columns-2 is-cropped wp-block-gallery-1 is-layout-flex wp-block-gallery-is-layout-flex\"><ul class=\"blocks-gallery-grid\"><li class=\"blocks-gallery-item\"><figure><img loading=\"lazy\" decoding=\"async\" width=\"1024\" height=\"683\" src=\"https:\/\/www.quasikunst.at\/wp-content\/uploads\/2021\/08\/postglow__c_tanjab-1024x683.jpg\" alt=\"\" data-id=\"938\" data-link=\"https:\/\/www.quasikunst.at\/index.php\/934-2\/postglow__c_tanjab\/\" class=\"wp-image-938\" srcset=\"https:\/\/www.quasikunst.at\/wp-content\/uploads\/2021\/08\/postglow__c_tanjab-1024x683.jpg 1024w, https:\/\/www.quasikunst.at\/wp-content\/uploads\/2021\/08\/postglow__c_tanjab-300x200.jpg 300w, https:\/\/www.quasikunst.at\/wp-content\/uploads\/2021\/08\/postglow__c_tanjab-768x512.jpg 768w, https:\/\/www.quasikunst.at\/wp-content\/uploads\/2021\/08\/postglow__c_tanjab-1536x1024.jpg 1536w, https:\/\/www.quasikunst.at\/wp-content\/uploads\/2021\/08\/postglow__c_tanjab-2048x1365.jpg 2048w, https:\/\/www.quasikunst.at\/wp-content\/uploads\/2021\/08\/postglow__c_tanjab-800x533.jpg 800w\" sizes=\"auto, (max-width: 1024px) 100vw, 1024px\" \/><\/figure><\/li><li class=\"blocks-gallery-item\"><figure><img loading=\"lazy\" decoding=\"async\" width=\"1024\" height=\"683\" src=\"https:\/\/www.quasikunst.at\/wp-content\/uploads\/2021\/08\/postglow_c_tanjab-1024x683.jpg\" alt=\"\" data-id=\"939\" data-full-url=\"https:\/\/www.quasikunst.at\/wp-content\/uploads\/2021\/08\/postglow_c_tanjab-scaled.jpg\" data-link=\"https:\/\/www.quasikunst.at\/index.php\/934-2\/postglow_c_tanjab\/\" class=\"wp-image-939\" srcset=\"https:\/\/www.quasikunst.at\/wp-content\/uploads\/2021\/08\/postglow_c_tanjab-1024x683.jpg 1024w, https:\/\/www.quasikunst.at\/wp-content\/uploads\/2021\/08\/postglow_c_tanjab-300x200.jpg 300w, https:\/\/www.quasikunst.at\/wp-content\/uploads\/2021\/08\/postglow_c_tanjab-768x512.jpg 768w, https:\/\/www.quasikunst.at\/wp-content\/uploads\/2021\/08\/postglow_c_tanjab-1536x1024.jpg 1536w, https:\/\/www.quasikunst.at\/wp-content\/uploads\/2021\/08\/postglow_c_tanjab-2048x1365.jpg 2048w, https:\/\/www.quasikunst.at\/wp-content\/uploads\/2021\/08\/postglow_c_tanjab-800x533.jpg 800w\" sizes=\"auto, (max-width: 1024px) 100vw, 1024px\" \/><\/figure><\/li><\/ul><figcaption class=\"blocks-gallery-caption\">Post Glow Cinema von Tanja Brandmayr und Astrid Benzer, @Plateforme Intermedia in Nantes\/F, auf Einladung von APO33<\/figcaption><\/figure>\n\n\n","protected":false},"excerpt":{"rendered":"<p>Nachleuchten \/ Gegenwelt-Kino Nachleuchten \/ Gegenwelt-Kino ist Research und Reflexion, bei dem&nbsp; Content aus Licht, Rhythmisierung und Bildfragmenten auf eine Nachleuchtfl\u00e4che projiziert werden. Bewegungssequenzen und Text werden als prototypisches Kino mit Nachleucht-Eigenschaft untersucht. Projektionsfl\u00e4chen, Innen- und Au\u00dfenverh\u00e4ltnisse, Bewusstseinsfragen, Materialit\u00e4t und Medien werden thematisiert. Es handelt sich um Leinwand, Licht und Content im phosphoreszierenen Kinomodus. Phosphoreszenz beschreibt dabei einen quantenphysikalischen Effekt bei der Lichtanregung: Im Zusammenspiel der Komponenten entsteht hier ein<\/p>\n<p><a class=\"more-link\" href=\"https:\/\/www.quasikunst.at\/index.php\/934-2\/\">Read More<\/a><\/p>\n","protected":false},"author":2,"featured_media":0,"parent":0,"menu_order":0,"comment_status":"closed","ping_status":"closed","template":"","meta":{"footnotes":""},"class_list":["post-934","page","type-page","status-publish","hentry"],"_links":{"self":[{"href":"https:\/\/www.quasikunst.at\/index.php\/wp-json\/wp\/v2\/pages\/934","targetHints":{"allow":["GET"]}}],"collection":[{"href":"https:\/\/www.quasikunst.at\/index.php\/wp-json\/wp\/v2\/pages"}],"about":[{"href":"https:\/\/www.quasikunst.at\/index.php\/wp-json\/wp\/v2\/types\/page"}],"author":[{"embeddable":true,"href":"https:\/\/www.quasikunst.at\/index.php\/wp-json\/wp\/v2\/users\/2"}],"replies":[{"embeddable":true,"href":"https:\/\/www.quasikunst.at\/index.php\/wp-json\/wp\/v2\/comments?post=934"}],"version-history":[{"count":3,"href":"https:\/\/www.quasikunst.at\/index.php\/wp-json\/wp\/v2\/pages\/934\/revisions"}],"predecessor-version":[{"id":960,"href":"https:\/\/www.quasikunst.at\/index.php\/wp-json\/wp\/v2\/pages\/934\/revisions\/960"}],"wp:attachment":[{"href":"https:\/\/www.quasikunst.at\/index.php\/wp-json\/wp\/v2\/media?parent=934"}],"curies":[{"name":"wp","href":"https:\/\/api.w.org\/{rel}","templated":true}]}}