{"id":448,"date":"2017-06-20T13:02:27","date_gmt":"2017-06-20T11:02:27","guid":{"rendered":"http:\/\/www.quasikunst.at\/?page_id=448"},"modified":"2024-10-05T07:25:41","modified_gmt":"2024-10-05T05:25:41","slug":"about-quasi","status":"publish","type":"page","link":"https:\/\/www.quasikunst.at\/index.php\/about-quasi\/","title":{"rendered":"\u00dcber Quasi"},"content":{"rendered":"<p>Quasikunst ist systemisch-performative Recherche. Quasikunst ist ein je nach Projekt ausgerufenes systemisches Gebilde, sie definiert sich als Gegensatz und Untergrund in alle Richtungen. Unter den zunehmend rational manifestierten Oberfl\u00e4chen bedeutet Quasikunst: auseinanderdriftende, \u00fcberlagerte Zust\u00e4nde, diffuse Kollektive, abgr\u00fcndige Verbindungen, anderes Material, gleichzeitiges ja und nein sagen. Gegens\u00e4tze befragen Widerspr\u00fcche, Kontexte werden um mehr Kontexte und Nicht-Deckungsgleiches erweitert.<\/p>\n<p><strong>Quasikunst-Buch, 2021:<\/strong> <a href=\"https:\/\/www.quasikunst.at\/index.php\/quasikunst-deep-art-contexts\/\">Quasikunst \/ DEEP ART CONTEXTS<\/a><\/p>\n<p><strong>Spezielle Quasikunstprojekte: <\/strong> <a href=\"https:\/\/www.quasikunst.at\/index.php\/das-biomechanische-ballett-oder-i-like-trees-and-human-right\/\">B\u00e4ume<\/a>, 2015 \/ <a href=\"https:\/\/www.quasikunst.at\/index.php\/nebel\/\">Nebel<\/a>, 2016 \/ <a href=\"https:\/\/www.quasikunst.at\/index.php\/eisberg\/\">Eis<\/a>, 2017 \/ <a href=\"https:\/\/www.quasikunst.at\/index.php\/wind\/\">Wind<\/a>, 2018 \/ <a href=\"https:\/\/www.quasikunst.at\/index.php\/deep-drilling-und-sprache-im-antiquasimodus\/\">Deep Drilling und Sprache<\/a>, 2019 \/ <a href=\"https:\/\/www.quasikunst.at\/index.php\/deep-mind-bei-minus-273-grad\/\">Mein Hirn<\/a>, 2020 \/ <a href=\"https:\/\/www.quasikunst.at\/index.php\/intermezzo-culture-and-nature-monotonia\/\">Monotonia<\/a>, 2020 \/ <a href=\"https:\/\/www.quasikunst.at\/index.php\/mind\/\">Mind, Schockraum<\/a>, 2020 \/ <a href=\"https:\/\/www.quasikunst.at\/index.php\/934-2\/\">Post Glow Cinema<\/a>, 2021 \/ <a href=\"https:\/\/www.quasikunst.at\/index.php\/nik-the-sleeper\/\">Nik, the Sleeper<\/a>, 2022 \/ <a href=\"https:\/\/www.quasikunst.at\/index.php\/ich-haeng-mir-die-welt-um\/\">Ich h\u00e4ng mir die Welt um<\/a>, 2022 \/ <a href=\"https:\/\/www.quasikunst.at\/index.php\/minus-werden-become-minus\/\">Minus werden (Become Minus)<\/a>, 2023 \/ <a href=\"https:\/\/www.quasikunst.at\/index.php\/bloodproof-of-life\/\">Bloodproof of Life<\/a>, 2023 \/ <a href=\"https:\/\/www.quasikunst.at\/index.php\/bloodproof-of-life-part-video-proof-und-lifeblood-edition\/\">Bloodproof of Life, Videoproof und Lifeblood Edition<\/a>, 2024 \/ <a href=\"https:\/\/www.quasikunst.at\/index.php\/schlafschiff-i-iii-aufstand-der-imagination\/\">Schlafschiff I-III &#8211; Aufstand der Imagination<\/a>, 2024<\/p>\n<p><strong>Quasikunst Kuratierung\/Projekte:<\/strong> <a href=\"http:\/\/stwst48x2.stwst.at\/quasikunst\"> STWST48x2\/2016 <\/a> \/ <a href=\"https:\/\/newcontext.stwst.at\/!stwst48x3\/quasikunst\"> STWST48x3\/2017 <\/a> \/ <a href=\"http:\/\/stwst48x4.stwst.at\/quasikunst\"> STWST48x4\/2018 <\/a>\/ <a href=\"http:\/\/stwst48x5.stwst.at\/deep_drilling_for_contracts\">STWST48x5\/2019<\/a> \/ <a href=\"https:\/\/stwst48x6.stwst.at\/intro\">STWST48x6\/2020<\/a> \/ <a href=\"https:\/\/stwst48x7.stwst.at\/\">STWST48x7\/2021<\/a> \/ <a href=\"https:\/\/stwst48x8.stwst.at\/intro\">STWST48x8\/2022<\/a> \/ <a href=\"https:\/\/stwst48x9.stwst.at\/\">STWST48x9\/2023<\/a> \/ <a href=\"https:\/\/stwst48x10.stwst.at\/intro\">STWST48x10\/2024<\/a> \/<\/p>\n<p><strong>Reflexion von Stadtwerkstatt-Projekten im Quasikunst-Modus:<\/strong> <a href=\"https:\/\/www.quasikunst.at\/index.php\/das-geld-die-kunst-und-der-gibling\/\">Geld<\/a> \/ <a href=\"https:\/\/www.quasikunst.at\/index.php\/der-fruehling-bringt-maschinentriebe\/\">Fassade<\/a><\/p>\n<p><strong>Weitere performative Projekte in reflexiver Ann\u00e4herung &#8211; verschiedene Koops:<\/strong> <a href=\"https:\/\/www.quasikunst.at\/index.php\/industriegebiet-segelflugplatz\/\">Flugplatz<\/a> \/ <a href=\"https:\/\/www.quasikunst.at\/index.php\/textkreisel-nichtstun\/\">Nichtstun<\/a> \/ <a href=\"https:\/\/www.quasikunst.at\/index.php\/kulturfrauen\/\">Kulturfrauen<\/a>\u00a0\/ <a href=\"https:\/\/www.quasikunst.at\/index.php\/schlaf\/\">Schlaf<\/a><\/p>\n<p>Quasikunst ist seit etwa 2008 Begriffsbildung oder\/und k\u00fcnstlerischer Arbeitsansatz von Tanja Brandmayr. Seit 2014 Research und Projekte im Kontext von Stadtwerkstatt Linz.<\/p>\n<p>Mehr \u00fcber Quasikunst im <a href=\"https:\/\/newcontext.stwst.at\/projects:quasikunst\/start\" target=\"_blank\" rel=\"noopener noreferrer\">Stadtwerkstatt-Kontext<\/a>.<\/p>\n<p>Quasikunst-Support by<\/p>\n<p><img loading=\"lazy\" decoding=\"async\" class=\"alignnone size-medium wp-image-479\" src=\"https:\/\/www.quasikunst.at\/wp-content\/uploads\/2017\/01\/stwst_komm_stadtwerkstatt_black_schriftgross-300x74.jpg\" alt=\"\" width=\"300\" height=\"74\" srcset=\"https:\/\/www.quasikunst.at\/wp-content\/uploads\/2017\/01\/stwst_komm_stadtwerkstatt_black_schriftgross-300x74.jpg 300w, https:\/\/www.quasikunst.at\/wp-content\/uploads\/2017\/01\/stwst_komm_stadtwerkstatt_black_schriftgross-768x188.jpg 768w, https:\/\/www.quasikunst.at\/wp-content\/uploads\/2017\/01\/stwst_komm_stadtwerkstatt_black_schriftgross-1024x251.jpg 1024w, https:\/\/www.quasikunst.at\/wp-content\/uploads\/2017\/01\/stwst_komm_stadtwerkstatt_black_schriftgross-800x196.jpg 800w\" sizes=\"auto, (max-width: 300px) 100vw, 300px\" \/><\/p>\n","protected":false},"excerpt":{"rendered":"<p>Quasikunst ist systemisch-performative Recherche. Quasikunst ist ein je nach Projekt ausgerufenes systemisches Gebilde, sie definiert sich als Gegensatz und Untergrund in alle Richtungen. Unter den zunehmend rational manifestierten Oberfl\u00e4chen bedeutet Quasikunst: auseinanderdriftende, \u00fcberlagerte Zust\u00e4nde, diffuse Kollektive, abgr\u00fcndige Verbindungen, anderes Material, gleichzeitiges ja und nein sagen. Gegens\u00e4tze befragen Widerspr\u00fcche, Kontexte werden um mehr Kontexte und Nicht-Deckungsgleiches erweitert. Quasikunst-Buch, 2021: Quasikunst \/ DEEP ART CONTEXTS Spezielle Quasikunstprojekte: B\u00e4ume, 2015 \/ Nebel, 2016<\/p>\n<p><a class=\"more-link\" href=\"https:\/\/www.quasikunst.at\/index.php\/about-quasi\/\">Read More<\/a><\/p>\n","protected":false},"author":2,"featured_media":0,"parent":0,"menu_order":0,"comment_status":"closed","ping_status":"closed","template":"","meta":{"footnotes":""},"class_list":["post-448","page","type-page","status-publish","hentry"],"_links":{"self":[{"href":"https:\/\/www.quasikunst.at\/index.php\/wp-json\/wp\/v2\/pages\/448","targetHints":{"allow":["GET"]}}],"collection":[{"href":"https:\/\/www.quasikunst.at\/index.php\/wp-json\/wp\/v2\/pages"}],"about":[{"href":"https:\/\/www.quasikunst.at\/index.php\/wp-json\/wp\/v2\/types\/page"}],"author":[{"embeddable":true,"href":"https:\/\/www.quasikunst.at\/index.php\/wp-json\/wp\/v2\/users\/2"}],"replies":[{"embeddable":true,"href":"https:\/\/www.quasikunst.at\/index.php\/wp-json\/wp\/v2\/comments?post=448"}],"version-history":[{"count":52,"href":"https:\/\/www.quasikunst.at\/index.php\/wp-json\/wp\/v2\/pages\/448\/revisions"}],"predecessor-version":[{"id":1190,"href":"https:\/\/www.quasikunst.at\/index.php\/wp-json\/wp\/v2\/pages\/448\/revisions\/1190"}],"wp:attachment":[{"href":"https:\/\/www.quasikunst.at\/index.php\/wp-json\/wp\/v2\/media?parent=448"}],"curies":[{"name":"wp","href":"https:\/\/api.w.org\/{rel}","templated":true}]}}