{"id":1079,"date":"2023-12-09T16:52:36","date_gmt":"2023-12-09T15:52:36","guid":{"rendered":"https:\/\/www.quasikunst.at\/?page_id=1079"},"modified":"2024-10-04T15:49:05","modified_gmt":"2024-10-04T13:49:05","slug":"bloodproof-of-life","status":"publish","type":"page","link":"https:\/\/www.quasikunst.at\/index.php\/bloodproof-of-life\/","title":{"rendered":"Bloodproof of Life"},"content":{"rendered":"\n<p><strong>Der Bloodproof of Life war eine kollektive Kunstaktion mit deinem Herzblut. <\/strong>Stadtwerkstatt Linz, 8.-10. Sept 2023 in Koop mit Ars Electronica.<\/p>\n<p>\u00a0<\/p>\n<p><strong>Die Stadtwerkstatt gibt dir dein Herzblut zur\u00fcck \u2013 Komm und hol es dir!<\/strong><\/p>\n<p><strong>Am Ende des KI-Moratoriums, im letzten Sommer<\/strong> vor der totalen Cloud, transformiert die STWST dein Herzblut zu einem kollektiven Kunstgeschehen.<\/p>\n<p><strong>Inmitten eines Raumes, der vom schlagenden humanistischen Herzen handelt,<\/strong> sitzt Fachpersonal, das dir Blut abnimmt. \u00c4rzt*innen nehmen denjenigen Freiwilligen, die sich noch immer verpflichtet f\u00fchlen, die geringe Menge von 4 ml Blut ab. Die Ampulle wird von der Stadtwerkstatt verschlossen. Der Prozess wird von einer zus\u00e4tzlichen Kulturinitiative, von servus.at, assistiert und best\u00e4tigt.<\/p>\n<p><strong>Du bekommst deine Ampulle Herzblut in einem Mehrfach-Proof<\/strong> als transformiertes und zertifiziertes Blut-zu-Kunst-Objekt zur\u00fcck. Dann setzt du dich vor eine Kamera, die die Echtheit deiner Ampulle Blut, DEINE Echtheit und deine Teilnahme am kollektiven Herzblut-Projekt festh\u00e4lt und best\u00e4tigt. Der Proof der Teilnahme erfolgt au\u00dferdem durch eine Blockchain, die zudem einen weiteren PROOF OF LIFE liefert.<\/p>\n<p><strong>Dein Herzblut ist somit zu einem Teil einer kollektiven Kunstaktion<\/strong> und Kunstedition geworden.<br \/>So kann jede*r nicht nur f\u00fcr 15 Minuten K\u00fcnstler*in sein, sondern F\u00dcR IMMER Teil der kollektiven Herzblut-Blockchain werden.<\/p>\n<p><strong>Wir laden K\u00fcnstler:innen, kritische Produzent*innen,<\/strong> Programmierer\u00b0innen, Theoretiker~innen, die Kolleginnenschaft, das Publikum von STWST48 und der gesamten Ars Electronica ein, also jeden Teil des Systems Kunst, Gesellschaft und Technologie, um die Frage zu stellen, was Leben ist.<\/p>\n<p><strong>Es geht um Herzblut als Ressource, um innere Betriebssysteme des Engagements,<\/strong> um ein Manifest gegen die schlagenden und zerschlagenden Kr\u00e4fte des Kapitalismus, um temperiertes Blut inmitten der Kalt-Warm-Wende des Anthropoz\u00e4ns, um ein Gegen-Phantasma im kalten Transhumanismus.<\/p>\n<p><strong>Oder auch ganz pers\u00f6nlich:<\/strong> Das Leben nimmt dir jeden Tag Herzblut ab. Sag uns, was dir von wem genommen wurde, von der Welt, ihren Kapriolen und Katastrophen, von deinen Freunden, dem Job, Google, Amazon, Microsoft oder auch der STWST oder deinem eigenen Kulturverein selbst \u2013 alle wollen Herzblut \u2026 und WIR geben es dir zumindest an diesen beiden Tagen auch wieder zur\u00fcck.<\/p>\n<p><strong>Lebt dein Leben? Komm vorbei!<\/strong><\/p>\n<p>\u00a0<\/p>\n<p>Der <em>Bloodproof of Life <\/em>ist im Rahmen von STWST48x9 COLD HEAVEN gelaufen, in der Stadtwerkstatt Linz.<\/p>\n<p>\u00a0<\/p>\n<p>Mehr Dokumaterial &#8211; Bilder, Video und Sound:<\/p>\n<p><a href=\"https:\/\/stwst48x9.stwst.at\/bloodproof_of_life\">https:\/\/stwst48x9.stwst.at\/bloodproof_of_life<\/a><\/p>\n<p>\u00a0<\/p>\n<p>Mehr Infos zum Fragebogen:<\/p>\n<p><a href=\"https:\/\/versorgerin.stwst.at\/artikel\/11-2023\/bloodproof-of-life\">https:\/\/versorgerin.stwst.at\/artikel\/11-2023\/bloodproof-of-life<\/a><\/p>\n<p>\u00a0<\/p>\n<p>Der <em>Bloodproof of Life <\/em> ist ein Projekt von <em>Quasikunst<\/em> &#8211; Quasikunst im STWST-Kontext:<\/p>\n<p><a href=\"https:\/\/newcontext.stwst.at\/projects\/quasikunst\/start\">https:\/\/newcontext.stwst.at\/projects\/quasikunst\/start<\/a><\/p>\n<p>\u00a0<\/p>\n<p>\u00a0<\/p>\n<p>\u00a0<\/p>\n<p>\u00a0<\/p>\n<p>\u00a0<\/p>\n<p>\u00a0<\/p>\n<p>\u00a0<\/p>\n<p>\u00a0<\/p>\n","protected":false},"excerpt":{"rendered":"<p>Der Bloodproof of Life war eine kollektive Kunstaktion mit deinem Herzblut. Stadtwerkstatt Linz, 8.-10. Sept 2023 in Koop mit Ars Electronica. \u00a0 Die Stadtwerkstatt gibt dir dein Herzblut zur\u00fcck \u2013 Komm und hol es dir! Am Ende des KI-Moratoriums, im letzten Sommer vor der totalen Cloud, transformiert die STWST dein Herzblut zu einem kollektiven Kunstgeschehen. Inmitten eines Raumes, der vom schlagenden humanistischen Herzen handelt, sitzt Fachpersonal, das dir Blut abnimmt.<\/p>\n<p><a class=\"more-link\" href=\"https:\/\/www.quasikunst.at\/index.php\/bloodproof-of-life\/\">Read More<\/a><\/p>\n","protected":false},"author":2,"featured_media":1080,"parent":0,"menu_order":0,"comment_status":"closed","ping_status":"closed","template":"","meta":{"footnotes":""},"class_list":["post-1079","page","type-page","status-publish","has-post-thumbnail","hentry"],"_links":{"self":[{"href":"https:\/\/www.quasikunst.at\/index.php\/wp-json\/wp\/v2\/pages\/1079","targetHints":{"allow":["GET"]}}],"collection":[{"href":"https:\/\/www.quasikunst.at\/index.php\/wp-json\/wp\/v2\/pages"}],"about":[{"href":"https:\/\/www.quasikunst.at\/index.php\/wp-json\/wp\/v2\/types\/page"}],"author":[{"embeddable":true,"href":"https:\/\/www.quasikunst.at\/index.php\/wp-json\/wp\/v2\/users\/2"}],"replies":[{"embeddable":true,"href":"https:\/\/www.quasikunst.at\/index.php\/wp-json\/wp\/v2\/comments?post=1079"}],"version-history":[{"count":6,"href":"https:\/\/www.quasikunst.at\/index.php\/wp-json\/wp\/v2\/pages\/1079\/revisions"}],"predecessor-version":[{"id":1132,"href":"https:\/\/www.quasikunst.at\/index.php\/wp-json\/wp\/v2\/pages\/1079\/revisions\/1132"}],"wp:featuredmedia":[{"embeddable":true,"href":"https:\/\/www.quasikunst.at\/index.php\/wp-json\/wp\/v2\/media\/1080"}],"wp:attachment":[{"href":"https:\/\/www.quasikunst.at\/index.php\/wp-json\/wp\/v2\/media?parent=1079"}],"curies":[{"name":"wp","href":"https:\/\/api.w.org\/{rel}","templated":true}]}}